{"id":80032,"date":"2023-06-27T16:49:59","date_gmt":"2023-06-27T14:49:59","guid":{"rendered":"https:\/\/retronixeurope.com\/mentions-legales\/"},"modified":"2025-09-05T14:56:59","modified_gmt":"2025-09-05T12:56:59","slug":"legal-notices","status":"publish","type":"page","link":"https:\/\/retronixeurope.com\/en\/legal-notices\/","title":{"rendered":"Legal Notice and Privacy Policy"},"content":{"rendered":"\t\t<div data-elementor-type=\"wp-page\" data-elementor-id=\"80032\" class=\"elementor elementor-80032 elementor-79257\" data-elementor-post-type=\"page\">\n\t\t\t\t<div class=\"elementor-element elementor-element-e84b945 e-flex e-con-boxed e-con e-parent\" data-id=\"e84b945\" data-element_type=\"container\">\n\t\t\t\t\t<div class=\"e-con-inner\">\n\t\t\t\t\t<\/div>\n\t\t\t\t<\/div>\n\t\t<div class=\"elementor-element elementor-element-ad32cb1 e-flex e-con-boxed e-con e-parent\" data-id=\"ad32cb1\" data-element_type=\"container\">\n\t\t\t\t\t<div class=\"e-con-inner\">\n\t\t\t\t<div class=\"elementor-element elementor-element-95ffa6d elementor-widget elementor-widget-heading\" data-id=\"95ffa6d\" data-element_type=\"widget\" data-widget_type=\"heading.default\">\n\t\t\t\t<div class=\"elementor-widget-container\">\n\t\t\t\t\t<h1 class=\"elementor-heading-title elementor-size-default\">Terms of use<\/h1>\t\t\t\t<\/div>\n\t\t\t\t<\/div>\n\t\t\t\t<div class=\"elementor-element elementor-element-0706e29 elementor-widget elementor-widget-text-editor\" data-id=\"0706e29\" data-element_type=\"widget\" data-widget_type=\"text-editor.default\">\n\t\t\t\t<div class=\"elementor-widget-container\">\n\t\t\t\t\t\t\t\t\t<header><div class=\"logo-cntnr\"><p><strong><span style=\"color: #000000;\">Site presentation<\/span><\/strong><br><span style=\"color: #000000;\">In accordance with article 6 of French law no. 2004-575 of June 21, 2004 on confidence in the digital economy, users of the https:\/\/retronixeurope.com\/ website are informed of the identity of the various parties involved in its creation and follow-up:<\/span><\/p><p><span style=\"color: #000000;\">Site editor: YABAWT<\/span><\/p><p><span style=\"color: #000000;\">E-mail address: contact@retronixeurope.com  <\/span><\/p><p><span style=\"color: #000000;\">Registered with the RCS of <\/span><span style=\"color: #000000;\"><span style=\"color: #ff0000;\"><span style=\"color: #000000;\">Vannes<\/span> <\/span><span style=\"color: #000000;\">under SIREN number: 379 651 615 000 62 <\/span><\/span> <\/p><p><span style=\"color: #000000;\">Individual VAT identification number: FR63 379 651 615<\/span><\/p><p><span style=\"color: #000000;\">Publication managers: Pierre-Alexandre Zerbib<\/span><\/p><p><span style=\"color: #000000;\">Host : OVH<\/span><\/p><p><span style=\"color: #000000;\">Webmaster :<\/span><br><span style=\"color: #000000;\">YABAWT SARL au capital de 12 030 \u20ac &#8211; Agence Strat\u00e9gie Digitale.<\/span><br><span style=\"color: #000000;\">RCS Bordeaux &#8211; SIREN 797 894 730 &#8211; NAF 6202A<\/span><br><span style=\"color: #000000;\">12 rue Ariane, Parc Cad\u00e9ra Sud, B\u00e2timent O, 33700 M\u00e9rignac, France<\/span><\/p><p><strong><span style=\"color: #000000;\">Terms and conditions of use of the site and the services offered<\/span><\/strong><br><span style=\"color: #000000;\">Use of the https:\/\/retronixeurope.com\/ website implies full acceptance of the general conditions of use described below. These conditions of use may be amended or supplemented at any time, and users of the https:\/\/retronixeurope.com\/ website are therefore advised to consult them regularly. <\/span><\/p><p><span style=\"color: #000000;\">This site is normally accessible to users at all times. However, the webmaster may decide to interrupt it for technical maintenance purposes. <\/span><\/p><p><span style=\"color: #000000;\">The https:\/\/retronixeurope.com\/ website is updated regularly. In the same way, the legal notices may be modified at any time: they are nevertheless binding on the user, who is invited to refer to them as often as possible in order to take cognizance of them. <\/span><\/p><p><strong><span style=\"color: #000000;\">Description of services provided<\/span><\/strong><br><span style=\"color: #000000;\">The purpose of the https:\/\/retronixeurope.com\/ website is to provide information about all the company&#8217;s activities.<\/span><\/p><p><span style=\"color: #000000;\">Retronix Europe endeavors to provide as accurate information as possible on the https:\/\/retronixeurope.com\/ website. However, Retronix Europe cannot be held responsible for any omissions, inaccuracies or failure to update information, whether caused by Retronix Europe or third-party partners supplying such information. <\/span><\/p><p><span style=\"color: #000000;\">All information on the https:\/\/retronixeurope.com\/ website is given for guidance only, and is subject to change. Furthermore, the information on the https:\/\/retronixeurope.com\/ website is not exhaustive. It is subject to modifications having been made since it was put online.  <\/span><\/p><p><strong><span style=\"color: #000000;\">Contractual limitations on technical data<\/span><\/strong><br><span style=\"color: #000000;\">The https:\/\/retronixeurope.com\/ site cannot be held responsible for any material damage linked to the use of the site. In addition, the user of the site undertakes to access the site using recent, virus-free equipment and with an up-to-date, latest-generation browser. <\/span><\/p><p><strong><span style=\"color: #000000;\">Intellectual property and counterfeiting<\/span><\/strong><br><span style=\"color: #000000;\">Retronix Europe is the owner of the intellectual property rights or holds the rights of use on all the elements accessible on the site, in particular the texts, images, graphics, logos, icons, sounds, software.<\/span><\/p><p><span style=\"color: #000000;\">Any reproduction, representation, modification, publication, adaptation of all or part of the elements of the site, whatever the means or the process used, is forbidden, except with prior written authorization.<\/span><\/p><p><span style=\"color: #000000;\">Any unauthorized use of the site or of any of the elements it contains will be considered as counterfeiting and will be prosecuted in accordance with the provisions of articles L.335-2 et seq. of the French Intellectual Property Code.<\/span><\/p><p><strong><span style=\"color: #000000;\">Limitation of liability<\/span><\/strong><br><span style=\"color: #000000;\">Retronix Europe cannot be held liable for direct or indirect damage caused to the user&#8217;s equipment when accessing the site, and resulting either from the use of equipment that does not meet the specifications indicated in point 4, or from the appearance of a bug or incompatibility.<\/span><\/p><p><span style=\"color: #000000;\">Retronix Europe cannot be held responsible for indirect damage (such as loss of business or loss of opportunity) resulting from use of the site.<\/span><\/p><p><span style=\"color: #000000;\">Interactive areas (possibility of asking questions in the contact area) are available to users. Retronix Europe reserves the right to delete, without prior notice, any content posted in this area that contravenes French legislation, in particular provisions relating to data protection. Where applicable, Retronix Europe also reserves the right to hold the user civilly and\/or criminally liable, particularly in the event of messages of a racist, insulting, defamatory or pornographic nature, whatever the medium used (text, photographs, etc.).  <\/span><\/p><p><strong><span style=\"color: #000000;\">Personal data management<\/span><\/strong><br><span style=\"color: #000000;\">We are committed to the transparency of our actions and would like to inform you of their legal framework. The data controller is Retronix Europe (contact details available in paragraph 01). <\/span><\/p><p><span style=\"color: #000000;\">Personal data is collected via contact forms available on the https:\/\/retronixeurope.com\/ website, which you will be asked to complete.<\/span><\/p><p><span style=\"color: #000000;\">The data collected is mainly intended for Retronix Europe. It may be passed on to Retronix Europe&#8217;s commercial partners in the context of subcontracting or collaboration on a commercial service. <\/span><\/p><p><span style=\"color: #000000;\">This data may also be transmitted to entities working as subcontractors for Retronix Europe.<\/span><\/p><p><span style=\"color: #000000;\">The purpose of the data collected is to respond to and discuss the terms of application of the RGPD. It will be used to carry out commercial operations to promote Retronix Europe&#8217;s offers. This data is collected in compliance with Article 6, paragraph 1, point a of the General Data Protection Regulation RGPD, according to which the owner of the data collected consents to processing by the data controller.  <\/span><\/p><p><span style=\"color: #000000;\">The collection of personal data is optional for access to the website. Nevertheless, the collection of personal data is compulsory in the event that the user wishes to receive offers from Retronix Europe. Without this collection, the company responsible for processing the data would not be able to carry out these commercial prospecting operations. <\/span><\/p><p><span style=\"color: #000000;\">The information collected is not linked to any contractual commitment whatsoever. This information will be kept for a maximum of three (3) years from the last contact initiated by the person concerned by the data collected. <\/span><\/p><p><span style=\"color: #000000;\">The data subject has a number of rights relating to data protection.<\/span><\/p><p><span style=\"color: #000000;\">Right of rectification<\/span><br><span style=\"color: #000000;\">The right to request Retronix Europe to modify inaccurate information on its database.<\/span><\/p><p><span style=\"color: #000000;\">Right to erasure<\/span><br><span style=\"color: #000000;\">You wish Retronix Europe to delete your information from our databases.<\/span><\/p><p><span style=\"color: #000000;\">Right of opposition and withdrawal of consent<\/span><br><span style=\"color: #000000;\">If you no longer wish to be included in our database, you can exercise one of these rights at any time.<\/span><\/p><p><span style=\"color: #000000;\">Right of access and query <\/span><br><span style=\"color: #000000;\">You have the right to obtain and verify the data we have collected about you.<\/span><\/p><p><span style=\"color: #000000;\">Right to limit processing<\/span><br><span style=\"color: #000000;\">You may request the suspension of processing concerning you for the time required for verification (e.g. to exercise the right to object, Retronix Europe must verify whether there are legitimate grounds for continuing the processing).<\/span><\/p><p><span style=\"color: #000000;\">Right to portability<\/span><br><span style=\"color: #000000;\">The right to have one&#8217;s personal data transmitted, in a structured, commonly used and computer-readable format, to us or to another data controller, where technically possible.<\/span><\/p><p><span style=\"color: #000000;\">Right to be forgotten in the event of death<\/span><br><span style=\"color: #000000;\">The right to define directives concerning the fate of your data after your death. In the absence of a directive from you, Retronix Europe will delete your data after a certain period of inactivity. However, after your death, your heirs may exercise their rights to your data.  <\/span><\/p><p><span style=\"color: #000000;\">Right to lodge a complaint with the CNIL<\/span><br><span style=\"color: #000000;\">You may lodge a complaint if you consider that the processing of your personal data constitutes a breach of regulations. For further information on your rights, and in particular on this last right, please visit the website of the Commission Nationale de l&#8217;Informatique et des Libert\u00e9s: https:\/\/www.cnil.fr\/fr. <\/span><\/p><p><strong><span style=\"color: #000000;\">Hyperlinks and cookies<\/span><\/strong><br><span style=\"color: #000000;\">The site contains a number of hypertext links to other sites, set up with the authorization of Retronix Europe. However, Retronix Europe is not in a position to check the content of sites visited in this way, and consequently accepts no liability in this respect. <\/span><\/p><p><span style=\"color: #000000;\">Browsing the site may cause cookies to be installed on the user&#8217;s computer. A cookie is a small file which does not allow the user to be identified, but which records information relating to the navigation of a computer on a site. The data obtained in this way is intended to facilitate subsequent browsing of the site, and is also used to measure visitor numbers.  <\/span><\/p><p><span style=\"color: #000000;\">Refusal to install a cookie may make it impossible to access certain services. However, the user may configure his or her computer as follows, to refuse the installation of cookies: <\/span><\/p><p><span style=\"color: #000000;\">Internet Explorer: Tools tab (cog-shaped icon at top right) \/ Internet options. Click on Confidentiality and choose Block all cookies. Confirm with Ok.  <\/span><\/p><p><span style=\"color: #000000;\">Firefox: at the top of the browser window, click on the Firefox button, then go to the Options tab. Click on the Privacy tab. Set retention rules to: use custom settings for history. Finally, uncheck it to disable cookies.   <\/span><\/p><p><span style=\"color: #000000;\">On Safari: Click on the menu icon (symbolized by a cog) in the top right-hand corner of the browser. Select Settings. Click on Show advanced settings. In the &#8216;Privacy&#8217; section, click on Content settings. In the &#8216;Cookies&#8217; section, you can block cookies.    <\/span><\/p><p><span style=\"color: #000000;\">Under Chrome: Click on the menu icon (symbolized by three horizontal lines) in the top right-hand corner of the browser. Select Settings. Click on Show advanced settings. In the &#8216;Privacy&#8217; section, click on Preferences. In the &#8216;Privacy&#8217; tab, you can block cookies.    <\/span><\/p><p><strong><span style=\"color: #000000;\">Applicable law and jurisdiction<\/span><\/strong><br><span style=\"color: #000000;\">Any dispute arising in connection with the use of the site is subject to French law. Exclusive jurisdiction is granted to the competent courts of Paris. <\/span><\/p><p><strong><span style=\"color: #000000;\">The main laws concerned<\/span><\/strong><br><span style=\"color: #000000;\">Law no. 78-17 of January 6, 1978 on information, files and freedoms in its latest version of May 16, 2019.<\/span><\/p><p><span style=\"color: #000000;\">Law no. 2004-575 of June 21, 2004 on confidence in the digital economy.<\/span><\/p><p><span style=\"color: #000000;\">Regulation n\u1d52 2016\/679, known as the General Data Protection Regulation or GDPR.<\/span><\/p><p><strong><span style=\"color: #000000;\">Glossary<\/span><\/strong><br><span style=\"color: #000000;\">User: Internet user connecting to and using the above-mentioned site.<\/span><\/p><p><span style=\"color: #000000;\">Personal data: &#8220;any information relating to an identified or identifiable natural person&#8221; (article 4. 1. Regulation n\u00b02016\/679).<\/span><\/p><p><span style=\"color: #000000;\">Controller: &#8220;the natural or legal person, public authority, department or other body which, alone or jointly with others, determines the purposes and means of the processing operation&#8221; (article 4. 7. Regulation no. 2016\/679).<\/span><\/p><\/div><\/header><footer class=\"full-footer\"><\/footer>\t\t\t\t\t\t\t\t<\/div>\n\t\t\t\t<\/div>\n\t\t\t\t\t<\/div>\n\t\t\t\t<\/div>\n\t\t\t\t<\/div>\n\t\t","protected":false},"excerpt":{"rendered":"<p>Terms of use Site presentationIn accordance with article 6 of French law no. 2004-575 of June 21, 2004 on confidence in the digital economy, users of the https:\/\/retronixeurope.com\/ website are informed of the identity of the various parties involved in its creation and follow-up: Site editor: YABAWT E-mail address: contact@retronixeurope.com Registered with the RCS of&hellip;<\/p>\n","protected":false},"author":1,"featured_media":0,"parent":0,"menu_order":0,"comment_status":"closed","ping_status":"closed","template":"elementor_header_footer","meta":{"footnotes":""},"class_list":["post-80032","page","type-page","status-publish","hentry"],"yoast_head":"<!-- This site is optimized with the Yoast SEO plugin v24.3 - https:\/\/yoast.com\/wordpress\/plugins\/seo\/ -->\n<title>Discover our Legal Notice - Retronix Europe<\/title>\n<meta name=\"description\" content=\"Find out more about Retronix Europe in our Legal Notice!\" \/>\n<meta name=\"robots\" content=\"index, follow, max-snippet:-1, max-image-preview:large, max-video-preview:-1\" \/>\n<link rel=\"canonical\" href=\"https:\/\/retronixeurope.com\/en\/legal-notices\/\" \/>\n<meta property=\"og:locale\" content=\"en_US\" \/>\n<meta property=\"og:type\" content=\"article\" \/>\n<meta property=\"og:title\" content=\"Discover our Legal Notice - Retronix Europe\" \/>\n<meta property=\"og:description\" content=\"Find out more about Retronix Europe in our Legal Notice!\" \/>\n<meta property=\"og:url\" content=\"https:\/\/retronixeurope.com\/en\/legal-notices\/\" \/>\n<meta property=\"og:site_name\" content=\"Retronix\" \/>\n<meta property=\"article:modified_time\" content=\"2025-09-05T12:56:59+00:00\" \/>\n<meta name=\"twitter:card\" content=\"summary_large_image\" \/>\n<meta name=\"twitter:label1\" content=\"Est. reading time\" \/>\n\t<meta name=\"twitter:data1\" content=\"8 minutes\" \/>\n<script type=\"application\/ld+json\" class=\"yoast-schema-graph\">{\"@context\":\"https:\/\/schema.org\",\"@graph\":[{\"@type\":\"WebPage\",\"@id\":\"https:\/\/retronixeurope.com\/en\/legal-notices\/\",\"url\":\"https:\/\/retronixeurope.com\/en\/legal-notices\/\",\"name\":\"Discover our Legal Notice - Retronix Europe\",\"isPartOf\":{\"@id\":\"https:\/\/retronixeurope.com\/en\/#website\"},\"datePublished\":\"2023-06-27T14:49:59+00:00\",\"dateModified\":\"2025-09-05T12:56:59+00:00\",\"description\":\"Find out more about Retronix Europe in our Legal Notice!\",\"breadcrumb\":{\"@id\":\"https:\/\/retronixeurope.com\/en\/legal-notices\/#breadcrumb\"},\"inLanguage\":\"en-US\",\"potentialAction\":[{\"@type\":\"ReadAction\",\"target\":[\"https:\/\/retronixeurope.com\/en\/legal-notices\/\"]}]},{\"@type\":\"BreadcrumbList\",\"@id\":\"https:\/\/retronixeurope.com\/en\/legal-notices\/#breadcrumb\",\"itemListElement\":[{\"@type\":\"ListItem\",\"position\":1,\"name\":\"Accueil\",\"item\":\"https:\/\/retronixeurope.com\/en\/\"},{\"@type\":\"ListItem\",\"position\":2,\"name\":\"Legal Notice and Privacy Policy\"}]},{\"@type\":\"WebSite\",\"@id\":\"https:\/\/retronixeurope.com\/en\/#website\",\"url\":\"https:\/\/retronixeurope.com\/en\/\",\"name\":\"Retronix\",\"description\":\"\",\"publisher\":{\"@id\":\"https:\/\/retronixeurope.com\/en\/#organization\"},\"potentialAction\":[{\"@type\":\"SearchAction\",\"target\":{\"@type\":\"EntryPoint\",\"urlTemplate\":\"https:\/\/retronixeurope.com\/en\/?s={search_term_string}\"},\"query-input\":{\"@type\":\"PropertyValueSpecification\",\"valueRequired\":true,\"valueName\":\"search_term_string\"}}],\"inLanguage\":\"en-US\"},{\"@type\":\"Organization\",\"@id\":\"https:\/\/retronixeurope.com\/en\/#organization\",\"name\":\"Retronix\",\"url\":\"https:\/\/retronixeurope.com\/en\/\",\"logo\":{\"@type\":\"ImageObject\",\"inLanguage\":\"en-US\",\"@id\":\"https:\/\/retronixeurope.com\/en\/#\/schema\/logo\/image\/\",\"url\":\"https:\/\/retronixeurope.com\/wp-content\/uploads\/2022\/07\/retronix-europe-logo.png\",\"contentUrl\":\"https:\/\/retronixeurope.com\/wp-content\/uploads\/2022\/07\/retronix-europe-logo.png\",\"width\":248,\"height\":62,\"caption\":\"Retronix\"},\"image\":{\"@id\":\"https:\/\/retronixeurope.com\/en\/#\/schema\/logo\/image\/\"}}]}<\/script>\n<!-- \/ Yoast SEO plugin. -->","yoast_head_json":{"title":"Discover our Legal Notice - Retronix Europe","description":"Find out more about Retronix Europe in our Legal Notice!","robots":{"index":"index","follow":"follow","max-snippet":"max-snippet:-1","max-image-preview":"max-image-preview:large","max-video-preview":"max-video-preview:-1"},"canonical":"https:\/\/retronixeurope.com\/en\/legal-notices\/","og_locale":"en_US","og_type":"article","og_title":"Discover our Legal Notice - Retronix Europe","og_description":"Find out more about Retronix Europe in our Legal Notice!","og_url":"https:\/\/retronixeurope.com\/en\/legal-notices\/","og_site_name":"Retronix","article_modified_time":"2025-09-05T12:56:59+00:00","twitter_card":"summary_large_image","twitter_misc":{"Est. reading time":"8 minutes"},"schema":{"@context":"https:\/\/schema.org","@graph":[{"@type":"WebPage","@id":"https:\/\/retronixeurope.com\/en\/legal-notices\/","url":"https:\/\/retronixeurope.com\/en\/legal-notices\/","name":"Discover our Legal Notice - Retronix Europe","isPartOf":{"@id":"https:\/\/retronixeurope.com\/en\/#website"},"datePublished":"2023-06-27T14:49:59+00:00","dateModified":"2025-09-05T12:56:59+00:00","description":"Find out more about Retronix Europe in our Legal Notice!","breadcrumb":{"@id":"https:\/\/retronixeurope.com\/en\/legal-notices\/#breadcrumb"},"inLanguage":"en-US","potentialAction":[{"@type":"ReadAction","target":["https:\/\/retronixeurope.com\/en\/legal-notices\/"]}]},{"@type":"BreadcrumbList","@id":"https:\/\/retronixeurope.com\/en\/legal-notices\/#breadcrumb","itemListElement":[{"@type":"ListItem","position":1,"name":"Accueil","item":"https:\/\/retronixeurope.com\/en\/"},{"@type":"ListItem","position":2,"name":"Legal Notice and Privacy Policy"}]},{"@type":"WebSite","@id":"https:\/\/retronixeurope.com\/en\/#website","url":"https:\/\/retronixeurope.com\/en\/","name":"Retronix","description":"","publisher":{"@id":"https:\/\/retronixeurope.com\/en\/#organization"},"potentialAction":[{"@type":"SearchAction","target":{"@type":"EntryPoint","urlTemplate":"https:\/\/retronixeurope.com\/en\/?s={search_term_string}"},"query-input":{"@type":"PropertyValueSpecification","valueRequired":true,"valueName":"search_term_string"}}],"inLanguage":"en-US"},{"@type":"Organization","@id":"https:\/\/retronixeurope.com\/en\/#organization","name":"Retronix","url":"https:\/\/retronixeurope.com\/en\/","logo":{"@type":"ImageObject","inLanguage":"en-US","@id":"https:\/\/retronixeurope.com\/en\/#\/schema\/logo\/image\/","url":"https:\/\/retronixeurope.com\/wp-content\/uploads\/2022\/07\/retronix-europe-logo.png","contentUrl":"https:\/\/retronixeurope.com\/wp-content\/uploads\/2022\/07\/retronix-europe-logo.png","width":248,"height":62,"caption":"Retronix"},"image":{"@id":"https:\/\/retronixeurope.com\/en\/#\/schema\/logo\/image\/"}}]}},"_links":{"self":[{"href":"https:\/\/retronixeurope.com\/en\/wp-json\/wp\/v2\/pages\/80032","targetHints":{"allow":["GET"]}}],"collection":[{"href":"https:\/\/retronixeurope.com\/en\/wp-json\/wp\/v2\/pages"}],"about":[{"href":"https:\/\/retronixeurope.com\/en\/wp-json\/wp\/v2\/types\/page"}],"author":[{"embeddable":true,"href":"https:\/\/retronixeurope.com\/en\/wp-json\/wp\/v2\/users\/1"}],"replies":[{"embeddable":true,"href":"https:\/\/retronixeurope.com\/en\/wp-json\/wp\/v2\/comments?post=80032"}],"version-history":[{"count":3,"href":"https:\/\/retronixeurope.com\/en\/wp-json\/wp\/v2\/pages\/80032\/revisions"}],"predecessor-version":[{"id":80081,"href":"https:\/\/retronixeurope.com\/en\/wp-json\/wp\/v2\/pages\/80032\/revisions\/80081"}],"wp:attachment":[{"href":"https:\/\/retronixeurope.com\/en\/wp-json\/wp\/v2\/media?parent=80032"}],"curies":[{"name":"wp","href":"https:\/\/api.w.org\/{rel}","templated":true}]}}